{"id":339,"date":"2025-04-21T12:19:25","date_gmt":"2025-04-21T12:19:25","guid":{"rendered":"https:\/\/demo.solta-oliveoil.com\/?post_type=product&#038;p=339"},"modified":"2025-04-21T12:20:49","modified_gmt":"2025-04-21T12:20:49","slug":"poklon-paket-sa-3-soltanska-premium-maslinova-ulja","status":"publish","type":"product","link":"https:\/\/demo.solta-oliveoil.com\/hr\/proizvod\/poklon-paket-sa-3-soltanska-premium-maslinova-ulja\/","title":{"rendered":"Poklon paket sa 3 \u0161oltanska premium maslinova ulja"},"content":{"rendered":"<p>Elegantna crna poklon kutija skriva 3 visoko nagra\u0111ivana maslinova ulja sa \u0160olte. Sva 3 ulja imaju za\u0161titu izvornosti, \u0161to je potro\u0161a\u010du garancija da su masline uzgojene na \u0160olti, da je prerada odra\u0111ena u uljari na \u0160olti, da je obavljena kemijska i senzorska analiza pokazala da je ulje u skladu sa strogim kriterijima iz specifikacije i kona\u010dno, da je ulje punjeno u boce na \u0160olti. Tek takovo ulje smije napustit otok \u0160oltu!<\/p>\n<p>Pojedina\u010dno radi se ovdje o<\/p>\n<ul>\n<li>ekolo\u0161kom monosortnom maslinovom ulju od sorte \u0160oltanke, koje ve\u0107 vi\u0161e godina zaredom dobiva Zlatne medalje na svjetskim takmi\u010denjima New York, Tokijo, Dubai, a 2019. godine progla\u0161eno je u New Yorku najboljim ekolo\u0161kim monosortnim maslinovim uljem na svijetu!<\/li>\n<li>ekolo\u0161kom maslinovom ulju od autohtonih sorti \u0160oltanka i Oblica koje je pro\u0161le godine dobilo srebrene medalje u New Yorku i u Ateni a 2021. godine dobilo je zlatnu medalju na IOOC u Italiji.<\/li>\n<li>konvencionalnom maslinovom ulju od \u0160oltanke i Oblice koje je 2020. godine osvojilo zlatnu medalju u Dubaju, best in class award u Japanu, gdje je i progla\u0161eno najboljim hrvatskim maslinovim uljem godine. 2021. godine ponovo osvaja zlatnu medalju u Tokiju i zlatnu medalju u New Yorku.<\/li>\n<\/ul>","protected":false},"excerpt":{"rendered":"<p>Elegantna crna poklon kutija skriva 3 visoko nagra\u0111ivana maslinova ulja sa \u0160olte. Sva 3 ulja imaju za\u0161titu izvornosti, \u0161to je potro\u0161a\u010du garancija da su masline uzgojene na \u0160olti, da je prerada odra\u0111ena u uljari na \u0160olti, da je obavljena kemijska i senzorska analiza pokazala da je ulje u skladu sa strogim kriterijima iz specifikacije i [&hellip;]<\/p>","protected":false},"featured_media":340,"template":"","meta":[],"product_brand":[],"product_cat":[20],"product_tag":[],"class_list":{"0":"post-339","1":"product","2":"type-product","3":"status-publish","4":"has-post-thumbnail","6":"product_cat-ekolosko-ekstra-djevicansko-maslinovo-ulje","8":"first","9":"instock","10":"shipping-taxable","11":"purchasable","12":"product-type-simple"},"_links":{"self":[{"href":"https:\/\/demo.solta-oliveoil.com\/hr\/wp-json\/wp\/v2\/product\/339","targetHints":{"allow":["GET"]}}],"collection":[{"href":"https:\/\/demo.solta-oliveoil.com\/hr\/wp-json\/wp\/v2\/product"}],"about":[{"href":"https:\/\/demo.solta-oliveoil.com\/hr\/wp-json\/wp\/v2\/types\/product"}],"wp:featuredmedia":[{"embeddable":true,"href":"https:\/\/demo.solta-oliveoil.com\/hr\/wp-json\/wp\/v2\/media\/340"}],"wp:attachment":[{"href":"https:\/\/demo.solta-oliveoil.com\/hr\/wp-json\/wp\/v2\/media?parent=339"}],"wp:term":[{"taxonomy":"product_brand","embeddable":true,"href":"https:\/\/demo.solta-oliveoil.com\/hr\/wp-json\/wp\/v2\/product_brand?post=339"},{"taxonomy":"product_cat","embeddable":true,"href":"https:\/\/demo.solta-oliveoil.com\/hr\/wp-json\/wp\/v2\/product_cat?post=339"},{"taxonomy":"product_tag","embeddable":true,"href":"https:\/\/demo.solta-oliveoil.com\/hr\/wp-json\/wp\/v2\/product_tag?post=339"}],"curies":[{"name":"wp","href":"https:\/\/api.w.org\/{rel}","templated":true}]}}