{"id":331,"date":"2025-04-21T11:42:06","date_gmt":"2025-04-21T11:42:06","guid":{"rendered":"https:\/\/demo.solta-oliveoil.com\/?post_type=product&#038;p=331"},"modified":"2025-04-22T06:41:34","modified_gmt":"2025-04-22T06:41:34","slug":"ekolosko-monosortno-soltansko-maslinovo-ulje-0-25-l","status":"publish","type":"product","link":"https:\/\/demo.solta-oliveoil.com\/hr\/proizvod\/ekolosko-monosortno-soltansko-maslinovo-ulje-0-25-l\/","title":{"rendered":"Ekolo\u0161ko monosortno \u0161oltansko maslinovo ulje \u2013 0,25 L"},"content":{"rendered":"<div id=\"content\" class=\"site-content\">\n<div class=\"ast-container\">\n<div id=\"primary\" class=\"content-area primary\"><main id=\"main\" class=\"site-main\"><\/p>\n<div class=\"ast-woocommerce-container\">\n<div id=\"product-3271\" class=\"ast-article-single ast-woo-product-no-review product type-product post-3271 status-publish first instock product_cat-bez-kategorije has-post-thumbnail shipping-taxable purchasable product-type-simple\">\n<div class=\"woocommerce-tabs wc-tabs-wrapper\">\n<div id=\"tab-description\" class=\"woocommerce-Tabs-panel woocommerce-Tabs-panel--description panel entry-content wc-tab\" role=\"tabpanel\" aria-labelledby=\"tab-title-description\">\n<p>Ovo intenzivno maslinovo ulje izvrsno se ljubi se sa pr\u017eenim povr\u0107em ili povr\u0107em sa \u017eara, plavom ribom, naro\u010dito tunom, \u0161kampima i janjetinom sa \u017eara, ide uz intenzivnije salate, na pr. od rukole, radi\u0107a i sl.<\/p>\n<\/div>\n<\/div>\n<\/div>\n<\/div>\n<p><\/main><\/div>\n<\/div>\n<\/div>","protected":false},"excerpt":{"rendered":"<p>Ovo intenzivno maslinovo ulje izvrsno se ljubi se sa pr\u017eenim povr\u0107em ili povr\u0107em sa \u017eara, plavom ribom, naro\u010dito tunom, \u0161kampima i janjetinom sa \u017eara, ide uz intenzivnije salate, na pr. od rukole, radi\u0107a i sl.<\/p>","protected":false},"featured_media":332,"template":"","meta":[],"product_brand":[],"product_cat":[20],"product_tag":[],"class_list":{"0":"post-331","1":"product","2":"type-product","3":"status-publish","4":"has-post-thumbnail","6":"product_cat-ekolosko-ekstra-djevicansko-maslinovo-ulje","8":"first","9":"instock","10":"shipping-taxable","11":"purchasable","12":"product-type-simple"},"_links":{"self":[{"href":"https:\/\/demo.solta-oliveoil.com\/hr\/wp-json\/wp\/v2\/product\/331","targetHints":{"allow":["GET"]}}],"collection":[{"href":"https:\/\/demo.solta-oliveoil.com\/hr\/wp-json\/wp\/v2\/product"}],"about":[{"href":"https:\/\/demo.solta-oliveoil.com\/hr\/wp-json\/wp\/v2\/types\/product"}],"wp:featuredmedia":[{"embeddable":true,"href":"https:\/\/demo.solta-oliveoil.com\/hr\/wp-json\/wp\/v2\/media\/332"}],"wp:attachment":[{"href":"https:\/\/demo.solta-oliveoil.com\/hr\/wp-json\/wp\/v2\/media?parent=331"}],"wp:term":[{"taxonomy":"product_brand","embeddable":true,"href":"https:\/\/demo.solta-oliveoil.com\/hr\/wp-json\/wp\/v2\/product_brand?post=331"},{"taxonomy":"product_cat","embeddable":true,"href":"https:\/\/demo.solta-oliveoil.com\/hr\/wp-json\/wp\/v2\/product_cat?post=331"},{"taxonomy":"product_tag","embeddable":true,"href":"https:\/\/demo.solta-oliveoil.com\/hr\/wp-json\/wp\/v2\/product_tag?post=331"}],"curies":[{"name":"wp","href":"https:\/\/api.w.org\/{rel}","templated":true}]}}