{"id":328,"date":"2025-04-21T11:14:01","date_gmt":"2025-04-21T11:14:01","guid":{"rendered":"https:\/\/demo.solta-oliveoil.com\/?post_type=product&#038;p=328"},"modified":"2025-04-21T11:15:57","modified_gmt":"2025-04-21T11:15:57","slug":"soltansko-maslinovo-ulje-blend-od-sorti-soltanka-i-oblica-05-l","status":"publish","type":"product","link":"https:\/\/demo.solta-oliveoil.com\/hr\/proizvod\/soltansko-maslinovo-ulje-blend-od-sorti-soltanka-i-oblica-05-l\/","title":{"rendered":"\u0160oltansko maslinovo ulje blend od sorti \u0160oltanka i Oblica 0,5 l"},"content":{"rendered":"<div class=\"woocommerce-product-details__short-description\">\n<p>Dobitnik srebrenih medalja u New Yorku i Ateni, 2021. godine dobitnik zlatne medalje na IOOC u Italiji. 2023.godine dobitnik je zlatne medalje na europskom takmi\u010denju maslinovih ulja u \u017denevi. Vo\u0107nog mirisa po zelenoj jabuci, svje\u017eoj travi i zelenom plodu masline. U ustima svje\u017ee vo\u0107ne note kojima dominiraju badem, banana i aroma za\u010dinskog bilja uz izrazitu uskla\u0111enost bla\u017ee pikantnosti i gor\u010dine.<\/p>\n<\/div>\n<form class=\"cart\" action=\"https:\/\/demo.solta-oliveoil.com\/hr\/proizvod\/ekolosko-soltansko-maslinovo-ulje-0-5l\/\" enctype=\"multipart\/form-data\" method=\"post\" data-trp-original-action=\"https:\/\/demo.solta-oliveoil.com\/proizvod\/ekolosko-soltansko-maslinovo-ulje-0-5l\/\">\n<div class=\"quantity\"><\/div>\n<input type=\"hidden\" name=\"trp-form-language\" value=\"hr\"\/><\/form>","protected":false},"excerpt":{"rendered":"<div class=\"woocommerce-tabs wc-tabs-wrapper\">\n<div id=\"tab-description\" class=\"woocommerce-Tabs-panel woocommerce-Tabs-panel--description panel entry-content wc-tab\" role=\"tabpanel\" aria-labelledby=\"tab-title-description\">\n<p>Jako se dobro sljubljuje sa sirovom tunom, kuhanom ribom, bijelom ribom, povrtnim juhama, brusketama, zelenom salatom i salatom od raj\u010dica, sladoledom, kola\u010dima i tortama sa \u010dokoladom.<\/p>\n<\/div>\n<\/div>","protected":false},"featured_media":329,"template":"","meta":[],"product_brand":[],"product_cat":[20],"product_tag":[],"class_list":{"0":"post-328","1":"product","2":"type-product","3":"status-publish","4":"has-post-thumbnail","6":"product_cat-ekolosko-ekstra-djevicansko-maslinovo-ulje","8":"first","9":"instock","10":"shipping-taxable","11":"purchasable","12":"product-type-simple"},"_links":{"self":[{"href":"https:\/\/demo.solta-oliveoil.com\/hr\/wp-json\/wp\/v2\/product\/328","targetHints":{"allow":["GET"]}}],"collection":[{"href":"https:\/\/demo.solta-oliveoil.com\/hr\/wp-json\/wp\/v2\/product"}],"about":[{"href":"https:\/\/demo.solta-oliveoil.com\/hr\/wp-json\/wp\/v2\/types\/product"}],"wp:featuredmedia":[{"embeddable":true,"href":"https:\/\/demo.solta-oliveoil.com\/hr\/wp-json\/wp\/v2\/media\/329"}],"wp:attachment":[{"href":"https:\/\/demo.solta-oliveoil.com\/hr\/wp-json\/wp\/v2\/media?parent=328"}],"wp:term":[{"taxonomy":"product_brand","embeddable":true,"href":"https:\/\/demo.solta-oliveoil.com\/hr\/wp-json\/wp\/v2\/product_brand?post=328"},{"taxonomy":"product_cat","embeddable":true,"href":"https:\/\/demo.solta-oliveoil.com\/hr\/wp-json\/wp\/v2\/product_cat?post=328"},{"taxonomy":"product_tag","embeddable":true,"href":"https:\/\/demo.solta-oliveoil.com\/hr\/wp-json\/wp\/v2\/product_tag?post=328"}],"curies":[{"name":"wp","href":"https:\/\/api.w.org\/{rel}","templated":true}]}}