{"id":266,"date":"2025-04-20T13:33:07","date_gmt":"2025-04-20T13:33:07","guid":{"rendered":"https:\/\/demo.solta-oliveoil.com\/?post_type=product&#038;p=266"},"modified":"2025-04-21T12:17:34","modified_gmt":"2025-04-21T12:17:34","slug":"ekolosko-monosortno-soltansko-maslinovo-ulje-05-l","status":"publish","type":"product","link":"https:\/\/demo.solta-oliveoil.com\/hr\/proizvod\/ekolosko-monosortno-soltansko-maslinovo-ulje-05-l\/","title":{"rendered":"Ekolo\u0161ko monosortno \u0161oltansko maslinovo ulje \u2013 0,5 L"},"content":{"rendered":"<p>Maslinovo ulje ekstra kvalitete vi\u0161estruko nagra\u0111ivano na najprominentnijim svjetskim natjecanjima. U New Yorku je 2019. god. progla\u0161eno najboljim uljem na svijetu u kategoriji organskih monosortnih ulja srednjeg intenziteta.<\/p>\n<p>Izra\u017eenog je vo\u0107nog mirisa po zelenoj jabuci, svje\u017eoj travi i zelenom plodu masline. U ustima svje\u017ee vo\u0107ne note kojima dominiraju badem, zelena raj\u010dica i aroma za\u010dinskog bilja uz izrazitu uskla\u0111enost srednje pikantnosti i ugodne gor\u010dine.<\/p>","protected":false},"excerpt":{"rendered":"<p>ORGANIC SUPER PREMIUM \u2013 OD AUTOHTONE SORTE \u0160OLTANKA<\/p>","protected":false},"featured_media":267,"template":"","meta":[],"product_brand":[],"product_cat":[20],"product_tag":[],"class_list":{"0":"post-266","1":"product","2":"type-product","3":"status-publish","4":"has-post-thumbnail","6":"product_cat-ekolosko-ekstra-djevicansko-maslinovo-ulje","8":"first","9":"instock","10":"shipping-taxable","11":"purchasable","12":"product-type-simple"},"_links":{"self":[{"href":"https:\/\/demo.solta-oliveoil.com\/hr\/wp-json\/wp\/v2\/product\/266","targetHints":{"allow":["GET"]}}],"collection":[{"href":"https:\/\/demo.solta-oliveoil.com\/hr\/wp-json\/wp\/v2\/product"}],"about":[{"href":"https:\/\/demo.solta-oliveoil.com\/hr\/wp-json\/wp\/v2\/types\/product"}],"wp:featuredmedia":[{"embeddable":true,"href":"https:\/\/demo.solta-oliveoil.com\/hr\/wp-json\/wp\/v2\/media\/267"}],"wp:attachment":[{"href":"https:\/\/demo.solta-oliveoil.com\/hr\/wp-json\/wp\/v2\/media?parent=266"}],"wp:term":[{"taxonomy":"product_brand","embeddable":true,"href":"https:\/\/demo.solta-oliveoil.com\/hr\/wp-json\/wp\/v2\/product_brand?post=266"},{"taxonomy":"product_cat","embeddable":true,"href":"https:\/\/demo.solta-oliveoil.com\/hr\/wp-json\/wp\/v2\/product_cat?post=266"},{"taxonomy":"product_tag","embeddable":true,"href":"https:\/\/demo.solta-oliveoil.com\/hr\/wp-json\/wp\/v2\/product_tag?post=266"}],"curies":[{"name":"wp","href":"https:\/\/api.w.org\/{rel}","templated":true}]}}