{"id":653,"date":"2025-06-16T06:22:16","date_gmt":"2025-06-16T06:22:16","guid":{"rendered":"https:\/\/demo.solta-oliveoil.com\/?page_id=653"},"modified":"2025-07-06T14:18:21","modified_gmt":"2025-07-06T14:18:21","slug":"guarantee-of-excellence","status":"publish","type":"page","link":"https:\/\/demo.solta-oliveoil.com\/hr\/guarantee-of-excellence\/","title":{"rendered":"Garancija izvrsnosti"},"content":{"rendered":"<div data-elementor-type=\"wp-page\" data-elementor-id=\"653\" class=\"elementor elementor-653\" data-elementor-post-type=\"page\">\n\t\t\t\t\t\t<section class=\"elementor-section elementor-top-section elementor-element elementor-element-b4cec0d elementor-section-boxed elementor-section-height-default elementor-section-height-default\" data-id=\"b4cec0d\" data-element_type=\"section\" data-settings=\"{&quot;background_background&quot;:&quot;classic&quot;}\">\n\t\t\t\t\t\t\t<div class=\"elementor-background-overlay\"><\/div>\n\t\t\t\t\t\t\t<div class=\"elementor-container elementor-column-gap-default\">\n\t\t\t\t\t<div class=\"elementor-column elementor-col-100 elementor-top-column elementor-element elementor-element-437a2550\" data-id=\"437a2550\" data-element_type=\"column\" data-settings=\"{&quot;background_background&quot;:&quot;classic&quot;}\">\n\t\t\t<div class=\"elementor-widget-wrap elementor-element-populated\">\n\t\t\t\t\t\t<div class=\"elementor-element elementor-element-4366807f elementor-widget elementor-widget-heading\" data-id=\"4366807f\" data-element_type=\"widget\" data-widget_type=\"heading.default\">\n\t\t\t\t<div class=\"elementor-widget-container\">\n\t\t\t\t\t<h1 class=\"elementor-heading-title elementor-size-default\">Garancija izvrsnosti<\/h1>\t\t\t\t<\/div>\n\t\t\t\t<\/div>\n\t\t\t\t\t<\/div>\n\t\t<\/div>\n\t\t\t\t\t<\/div>\n\t\t<\/section>\n\t\t\t\t<section class=\"elementor-section elementor-top-section elementor-element elementor-element-516d0ecb elementor-section-boxed elementor-section-height-default elementor-section-height-default\" data-id=\"516d0ecb\" data-element_type=\"section\">\n\t\t\t\t\t\t<div class=\"elementor-container elementor-column-gap-default\">\n\t\t\t\t\t<div class=\"elementor-column elementor-col-100 elementor-top-column elementor-element elementor-element-42bad3c1\" data-id=\"42bad3c1\" data-element_type=\"column\">\n\t\t\t<div class=\"elementor-widget-wrap elementor-element-populated\">\n\t\t\t\t\t\t<div class=\"elementor-element elementor-element-6007cd0a animated-slow elementor-invisible elementor-widget elementor-widget-text-editor\" data-id=\"6007cd0a\" data-element_type=\"widget\" data-settings=\"{&quot;_animation&quot;:&quot;fadeIn&quot;,&quot;_animation_delay&quot;:500}\" data-widget_type=\"text-editor.default\">\n\t\t\t\t<div class=\"elementor-widget-container\">\n\t\t\t\t\t\t\t\t\t<section class=\"elementor-section elementor-top-section elementor-element elementor-element-3d5769fc elementor-section-content-middle elementor-section-boxed elementor-section-height-default elementor-section-height-default\" data-id=\"3d5769fc\" data-element_type=\"section\"><div class=\"elementor-container elementor-column-gap-no\"><div class=\"elementor-row\"><div class=\"elementor-column elementor-col-100 elementor-top-column elementor-element elementor-element-ce7ed8e\" data-id=\"ce7ed8e\" data-element_type=\"column\"><div class=\"elementor-column-wrap elementor-element-populated\"><div class=\"elementor-widget-wrap\"><div class=\"elementor-element elementor-element-1dab656 elementor-widget elementor-widget-text-editor\" data-id=\"1dab656\" data-element_type=\"widget\" data-widget_type=\"text-editor.default\"><div class=\"elementor-widget-container\"><div class=\"elementor-text-editor elementor-clearfix\"><p data-start=\"0\" data-end=\"335\">\u0160oltansko maslinovo ulje nema nikakovih aditiva, za\u010dina ili ulja iz drugih plodova, ono je \u010disti sok iz ploda masline. Njegovu proizvodnju kontrolira akreditirana kontrolna stanica Biotechnicon iz Splita ve\u0107 u masliniku, nadzire proizvodnju u uljari, spremanje u spremnike u skladi\u0161tu i na koncu punjenje u boce i ozna\u010davanje.<\/p><p data-start=\"337\" data-end=\"799\" data-is-last-node=\"\" data-is-only-node=\"\">\u0160oltansko maslinovo ulje za\u0161ti\u0107eno je oznakom izvornosti na razini Europske Unije (Protected designation of Origin PDO). Kontrolne slu\u017ebe EU Komisije, uz hrvatske inspekcije, nadziru, proizvodnju, skladi\u0161tenje i koli\u010dine proizvedenog maslinovog ulja, a dodatno nadziru i ekolo\u0161ku proizvodnju. Predsjedni\u0161tvo i tijela Udruge ula\u017eu velike napore da svaki od proizvo\u0111a\u010da da sve od sebe, kako bi na\u0161 zajedni\u010dki proizvod uvjek bio najbolje kvalitete.<\/p><\/div><\/div><\/div><\/div><\/div><\/div><\/div><\/div><\/section>\t\t\t\t\t\t\t\t<\/div>\n\t\t\t\t<\/div>\n\t\t\t\t<div class=\"elementor-element elementor-element-d2c7f2f elementor-widget elementor-widget-image\" data-id=\"d2c7f2f\" data-element_type=\"widget\" data-widget_type=\"image.default\">\n\t\t\t\t<div class=\"elementor-widget-container\">\n\t\t\t\t\t\t\t\t\t\t\t\t\t\t\t<img fetchpriority=\"high\" decoding=\"async\" width=\"800\" height=\"792\" src=\"https:\/\/demo.solta-oliveoil.com\/wp-content\/uploads\/2025\/04\/tri-male-u-kutiji-uredeno-scaled-1-1024x1014.jpg\" class=\"attachment-large size-large wp-image-340\" alt=\"\" srcset=\"https:\/\/demo.solta-oliveoil.com\/wp-content\/uploads\/2025\/04\/tri-male-u-kutiji-uredeno-scaled-1-1024x1014.jpg 1024w, https:\/\/demo.solta-oliveoil.com\/wp-content\/uploads\/2025\/04\/tri-male-u-kutiji-uredeno-scaled-1-300x297.jpg 300w, https:\/\/demo.solta-oliveoil.com\/wp-content\/uploads\/2025\/04\/tri-male-u-kutiji-uredeno-scaled-1-150x150.jpg 150w, https:\/\/demo.solta-oliveoil.com\/wp-content\/uploads\/2025\/04\/tri-male-u-kutiji-uredeno-scaled-1-768x760.jpg 768w, https:\/\/demo.solta-oliveoil.com\/wp-content\/uploads\/2025\/04\/tri-male-u-kutiji-uredeno-scaled-1-1536x1520.jpg 1536w, https:\/\/demo.solta-oliveoil.com\/wp-content\/uploads\/2025\/04\/tri-male-u-kutiji-uredeno-scaled-1-2048x2027.jpg 2048w, https:\/\/demo.solta-oliveoil.com\/wp-content\/uploads\/2025\/04\/tri-male-u-kutiji-uredeno-scaled-1-600x594.jpg 600w, https:\/\/demo.solta-oliveoil.com\/wp-content\/uploads\/2025\/04\/tri-male-u-kutiji-uredeno-scaled-1-100x100.jpg 100w\" sizes=\"(max-width: 800px) 100vw, 800px\" \/>\t\t\t\t\t\t\t\t\t\t\t\t\t\t\t<\/div>\n\t\t\t\t<\/div>\n\t\t\t\t\t<\/div>\n\t\t<\/div>\n\t\t\t\t\t<\/div>\n\t\t<\/section>\n\t\t<div class=\"elementor-element elementor-element-272db158 e-flex e-con-boxed e-con e-parent\" data-id=\"272db158\" data-element_type=\"container\">\n\t\t\t\t\t<div class=\"e-con-inner\">\n\t\t\t\t<div class=\"elementor-element elementor-element-29ea8b91 elementor-absolute e-transform elementor-hidden-tablet elementor-hidden-mobile elementor-widget elementor-widget-image\" data-id=\"29ea8b91\" data-element_type=\"widget\" data-settings=\"{&quot;_position&quot;:&quot;absolute&quot;,&quot;_transform_rotateZ_effect&quot;:{&quot;unit&quot;:&quot;px&quot;,&quot;size&quot;:232,&quot;sizes&quot;:[]},&quot;_transform_rotateZ_effect_tablet&quot;:{&quot;unit&quot;:&quot;deg&quot;,&quot;size&quot;:&quot;&quot;,&quot;sizes&quot;:[]},&quot;_transform_rotateZ_effect_mobile&quot;:{&quot;unit&quot;:&quot;deg&quot;,&quot;size&quot;:&quot;&quot;,&quot;sizes&quot;:[]}}\" data-widget_type=\"image.default\">\n\t\t\t\t<div class=\"elementor-widget-container\">\n\t\t\t\t\t\t\t\t\t\t\t\t\t\t\t<img decoding=\"async\" width=\"311\" height=\"286\" src=\"https:\/\/demo.solta-oliveoil.com\/wp-content\/uploads\/2025\/04\/Nov-projekt-1.png\" class=\"attachment-large size-large wp-image-294\" alt=\"\" srcset=\"https:\/\/demo.solta-oliveoil.com\/wp-content\/uploads\/2025\/04\/Nov-projekt-1.png 311w, https:\/\/demo.solta-oliveoil.com\/wp-content\/uploads\/2025\/04\/Nov-projekt-1-300x276.png 300w\" sizes=\"(max-width: 311px) 100vw, 311px\" \/>\t\t\t\t\t\t\t\t\t\t\t\t\t\t\t<\/div>\n\t\t\t\t<\/div>\n\t\t\t\t<div class=\"elementor-element elementor-element-6dc1c4bb elementor-absolute e-transform elementor-hidden-tablet elementor-hidden-mobile elementor-widget elementor-widget-image\" data-id=\"6dc1c4bb\" data-element_type=\"widget\" data-settings=\"{&quot;_position&quot;:&quot;absolute&quot;,&quot;_transform_rotateZ_effect&quot;:{&quot;unit&quot;:&quot;px&quot;,&quot;size&quot;:-21,&quot;sizes&quot;:[]},&quot;_transform_rotateZ_effect_tablet&quot;:{&quot;unit&quot;:&quot;deg&quot;,&quot;size&quot;:&quot;&quot;,&quot;sizes&quot;:[]},&quot;_transform_rotateZ_effect_mobile&quot;:{&quot;unit&quot;:&quot;deg&quot;,&quot;size&quot;:&quot;&quot;,&quot;sizes&quot;:[]}}\" data-widget_type=\"image.default\">\n\t\t\t\t<div class=\"elementor-widget-container\">\n\t\t\t\t\t\t\t\t\t\t\t\t\t\t\t<img decoding=\"async\" width=\"311\" height=\"286\" src=\"https:\/\/demo.solta-oliveoil.com\/wp-content\/uploads\/2025\/04\/Nov-projekt-1.png\" class=\"attachment-large size-large wp-image-294\" alt=\"\" srcset=\"https:\/\/demo.solta-oliveoil.com\/wp-content\/uploads\/2025\/04\/Nov-projekt-1.png 311w, https:\/\/demo.solta-oliveoil.com\/wp-content\/uploads\/2025\/04\/Nov-projekt-1-300x276.png 300w\" sizes=\"(max-width: 311px) 100vw, 311px\" \/>\t\t\t\t\t\t\t\t\t\t\t\t\t\t\t<\/div>\n\t\t\t\t<\/div>\n\t\t\t\t<div class=\"elementor-element elementor-element-102217a6 elementor-widget elementor-widget-heading\" data-id=\"102217a6\" data-element_type=\"widget\" data-widget_type=\"heading.default\">\n\t\t\t\t<div class=\"elementor-widget-container\">\n\t\t\t\t\t<h1 class=\"elementor-heading-title elementor-size-default\">\u017delite isprobati jedno od najboljih maslinovih ulja na svijetu?<\/h1>\t\t\t\t<\/div>\n\t\t\t\t<\/div>\n\t\t\t\t<div class=\"elementor-element elementor-element-6f0125c0 elementor-widget elementor-widget-heading\" data-id=\"6f0125c0\" data-element_type=\"widget\" data-widget_type=\"heading.default\">\n\t\t\t\t<div class=\"elementor-widget-container\">\n\t\t\t\t\t<h1 class=\"elementor-heading-title elementor-size-default\">Posjetite na\u0161 webshop i naru\u010dite jedno od na\u0161ih vrhunskih maslinovih ulja na ku\u0107nu adresu.<\/h1>\t\t\t\t<\/div>\n\t\t\t\t<\/div>\n\t\t\t\t<div class=\"elementor-element elementor-element-2a7fdaf elementor-align-center elementor-widget elementor-widget-button\" data-id=\"2a7fdaf\" data-element_type=\"widget\" data-widget_type=\"button.default\">\n\t\t\t\t<div class=\"elementor-widget-container\">\n\t\t\t\t\t\t\t\t\t<div class=\"elementor-button-wrapper\">\n\t\t\t\t\t<a class=\"elementor-button elementor-button-link elementor-size-sm\" href=\"\/hr\/shop\/\">\n\t\t\t\t\t\t<span class=\"elementor-button-content-wrapper\">\n\t\t\t\t\t\t\t\t\t<span class=\"elementor-button-text\">WEBSHOP<\/span>\n\t\t\t\t\t<\/span>\n\t\t\t\t\t<\/a>\n\t\t\t\t<\/div>\n\t\t\t\t\t\t\t\t<\/div>\n\t\t\t\t<\/div>\n\t\t\t\t<div class=\"elementor-element elementor-element-21738d9 elementor-widget elementor-widget-image\" data-id=\"21738d9\" data-element_type=\"widget\" data-widget_type=\"image.default\">\n\t\t\t\t<div class=\"elementor-widget-container\">\n\t\t\t\t\t\t\t\t\t\t\t\t\t\t\t<img decoding=\"async\" width=\"2048\" height=\"2048\" src=\"https:\/\/demo.solta-oliveoil.com\/wp-content\/uploads\/2025\/06\/Untitled-design-2021-01-16T222544.262-2048x2048-min.png\" class=\"attachment-full size-full wp-image-429\" alt=\"\" srcset=\"https:\/\/demo.solta-oliveoil.com\/wp-content\/uploads\/2025\/06\/Untitled-design-2021-01-16T222544.262-2048x2048-min.png 2048w, https:\/\/demo.solta-oliveoil.com\/wp-content\/uploads\/2025\/06\/Untitled-design-2021-01-16T222544.262-2048x2048-min-300x300.png 300w, https:\/\/demo.solta-oliveoil.com\/wp-content\/uploads\/2025\/06\/Untitled-design-2021-01-16T222544.262-2048x2048-min-1024x1024.png 1024w, https:\/\/demo.solta-oliveoil.com\/wp-content\/uploads\/2025\/06\/Untitled-design-2021-01-16T222544.262-2048x2048-min-150x150.png 150w, https:\/\/demo.solta-oliveoil.com\/wp-content\/uploads\/2025\/06\/Untitled-design-2021-01-16T222544.262-2048x2048-min-768x768.png 768w, https:\/\/demo.solta-oliveoil.com\/wp-content\/uploads\/2025\/06\/Untitled-design-2021-01-16T222544.262-2048x2048-min-1536x1536.png 1536w, https:\/\/demo.solta-oliveoil.com\/wp-content\/uploads\/2025\/06\/Untitled-design-2021-01-16T222544.262-2048x2048-min-600x600.png 600w, https:\/\/demo.solta-oliveoil.com\/wp-content\/uploads\/2025\/06\/Untitled-design-2021-01-16T222544.262-2048x2048-min-100x100.png 100w\" sizes=\"(max-width: 2048px) 100vw, 2048px\" \/>\t\t\t\t\t\t\t\t\t\t\t\t\t\t\t<\/div>\n\t\t\t\t<\/div>\n\t\t\t\t\t<\/div>\n\t\t\t\t<\/div>\n\t\t\t\t<\/div>","protected":false},"excerpt":{"rendered":"<p>Guarantee of excellence \u0160oltan olive oil contains no additives, spices, or oils from other fruits \u2013 it is pure juice extracted from the olive fruit. Its production is monitored by the accredited control body Biotechnicon from Split, beginning in the olive grove, overseeing the process in the mill, the storage in tanks, and finally the [&hellip;]<\/p>","protected":false},"author":1,"featured_media":0,"parent":0,"menu_order":0,"comment_status":"closed","ping_status":"closed","template":"elementor_header_footer","meta":{"footnotes":""},"class_list":["post-653","page","type-page","status-publish","hentry"],"_links":{"self":[{"href":"https:\/\/demo.solta-oliveoil.com\/hr\/wp-json\/wp\/v2\/pages\/653","targetHints":{"allow":["GET"]}}],"collection":[{"href":"https:\/\/demo.solta-oliveoil.com\/hr\/wp-json\/wp\/v2\/pages"}],"about":[{"href":"https:\/\/demo.solta-oliveoil.com\/hr\/wp-json\/wp\/v2\/types\/page"}],"author":[{"embeddable":true,"href":"https:\/\/demo.solta-oliveoil.com\/hr\/wp-json\/wp\/v2\/users\/1"}],"replies":[{"embeddable":true,"href":"https:\/\/demo.solta-oliveoil.com\/hr\/wp-json\/wp\/v2\/comments?post=653"}],"version-history":[{"count":16,"href":"https:\/\/demo.solta-oliveoil.com\/hr\/wp-json\/wp\/v2\/pages\/653\/revisions"}],"predecessor-version":[{"id":1222,"href":"https:\/\/demo.solta-oliveoil.com\/hr\/wp-json\/wp\/v2\/pages\/653\/revisions\/1222"}],"wp:attachment":[{"href":"https:\/\/demo.solta-oliveoil.com\/hr\/wp-json\/wp\/v2\/media?parent=653"}],"curies":[{"name":"wp","href":"https:\/\/api.w.org\/{rel}","templated":true}]}}