{"id":558,"date":"2025-06-02T16:12:32","date_gmt":"2025-06-02T16:12:32","guid":{"rendered":"https:\/\/demo.solta-oliveoil.com\/?page_id=558"},"modified":"2025-07-06T14:13:36","modified_gmt":"2025-07-06T14:13:36","slug":"how-is-soltan-olive-oil-produced","status":"publish","type":"page","link":"https:\/\/demo.solta-oliveoil.com\/hr\/how-is-soltan-olive-oil-produced\/","title":{"rendered":"Kako nastaje \u0160oltansko maslinovo ulje?"},"content":{"rendered":"<div data-elementor-type=\"wp-page\" data-elementor-id=\"558\" class=\"elementor elementor-558\" data-elementor-post-type=\"page\">\n\t\t\t\t\t\t<section class=\"elementor-section elementor-top-section elementor-element elementor-element-2d2fa438 elementor-section-boxed elementor-section-height-default elementor-section-height-default\" data-id=\"2d2fa438\" data-element_type=\"section\" data-settings=\"{&quot;background_background&quot;:&quot;classic&quot;}\">\n\t\t\t\t\t\t\t<div class=\"elementor-background-overlay\"><\/div>\n\t\t\t\t\t\t\t<div class=\"elementor-container elementor-column-gap-default\">\n\t\t\t\t\t<div class=\"elementor-column elementor-col-100 elementor-top-column elementor-element elementor-element-5f424ee6\" data-id=\"5f424ee6\" data-element_type=\"column\" data-settings=\"{&quot;background_background&quot;:&quot;classic&quot;}\">\n\t\t\t<div class=\"elementor-widget-wrap elementor-element-populated\">\n\t\t\t\t\t\t<div class=\"elementor-element elementor-element-7a5fa9a1 elementor-widget elementor-widget-heading\" data-id=\"7a5fa9a1\" data-element_type=\"widget\" data-widget_type=\"heading.default\">\n\t\t\t\t<div class=\"elementor-widget-container\">\n\t\t\t\t\t<h1 class=\"elementor-heading-title elementor-size-default\">Kako nastaje \u0160oltansko maslinovo ulje?\n\n\n\n<\/h1>\t\t\t\t<\/div>\n\t\t\t\t<\/div>\n\t\t\t\t\t<\/div>\n\t\t<\/div>\n\t\t\t\t\t<\/div>\n\t\t<\/section>\n\t\t\t\t<section class=\"elementor-section elementor-top-section elementor-element elementor-element-2399306e elementor-section-boxed elementor-section-height-default elementor-section-height-default\" data-id=\"2399306e\" data-element_type=\"section\">\n\t\t\t\t\t\t<div class=\"elementor-container elementor-column-gap-default\">\n\t\t\t\t\t<div class=\"elementor-column elementor-col-100 elementor-top-column elementor-element elementor-element-14f87492\" data-id=\"14f87492\" data-element_type=\"column\">\n\t\t\t<div class=\"elementor-widget-wrap elementor-element-populated\">\n\t\t\t\t\t\t<div class=\"elementor-element elementor-element-23d33ed4 animated-slow elementor-invisible elementor-widget elementor-widget-text-editor\" data-id=\"23d33ed4\" data-element_type=\"widget\" data-settings=\"{&quot;_animation&quot;:&quot;fadeIn&quot;,&quot;_animation_delay&quot;:500}\" data-widget_type=\"text-editor.default\">\n\t\t\t\t<div class=\"elementor-widget-container\">\n\t\t\t\t\t\t\t\t\t<section class=\"elementor-section elementor-top-section elementor-element elementor-element-3d5769fc elementor-section-content-middle elementor-section-boxed elementor-section-height-default elementor-section-height-default\" data-id=\"3d5769fc\" data-element_type=\"section\"><div class=\"elementor-container elementor-column-gap-no\"><div class=\"elementor-row\"><div class=\"elementor-column elementor-col-100 elementor-top-column elementor-element elementor-element-ce7ed8e\" data-id=\"ce7ed8e\" data-element_type=\"column\"><div class=\"elementor-column-wrap elementor-element-populated\"><div class=\"elementor-widget-wrap\"><div class=\"elementor-element elementor-element-1dab656 elementor-widget elementor-widget-text-editor\" data-id=\"1dab656\" data-element_type=\"widget\" data-widget_type=\"text-editor.default\"><div class=\"elementor-widget-container\"><div class=\"elementor-text-editor elementor-clearfix\"><p>Uzgoj maslina zahtjeva svojevrsnu cijelogodi\u0161nju predanost i rad. Savr\u0161eno ekolo\u0161ki prihvatljivo i za \u010dovjekovo zdravlje blagotvorno maslinovo ulje mogu\u0107e je dobiti jedino bri\u017eljivim promatranjem i sprje\u010davanjem svih neda\u0107a i opasnosti koje se javljaju u masliniku od kretanja vegetacije do zrenja plodova. Povoljne klimatske okolnosti drugi su va\u017eni faktor. Bri\u017eljiva prerada maslina u ulje i pravilno \u010duvanje ulja daljnji su neizostvni faktori za dobivanje vrhunskog maslinovog ulja.\u00a0<\/p><p>\u0160oltanski maslinari beru svoje masline ru\u010dno. Tako se odmah izabiru samo zdravi i neo\u0161te\u0107eni plodovi za proizvodnju ulja. Sakupljene so\u010dne i svje\u017ee masline nose se istog dana na preradu u jednu od uljara na otoku, a dobiveno maslinovo ulje sprema se u spremnike od inoxa do punjenja u boce i ozna\u010davanja boca. Sve ove radnje odvijaju se u potpunosti i samo na otoku \u0160olti, a tek zatvorene i za\u0161ti\u0107enom oznakom izvornosti ozna\u010dene boce smiju napustit otok.\u00a0<\/p><p>Na \u0160olti su maslinici rastrkani po cijelom otoku, skroz uz more, pa do proplanaka u sredini otoka. Stabla maslina sadila su se uglavnom na manje vrijednom terenu, na kamenitim i strmim proplancima. Iako su na otoku sa\u0111ene uglavnom sorte Oblica i \u0160oltanka, razli\u010dite mikro lokacije daju maslinovom ulju sa \u0160olte svaka svoj pe\u010dat, zbog \u010dega ova ulja posjeduju mno\u0161tvo razli\u010ditih okusnih i mirisnih nijansi. Najinteresantnijima su se pokazala ulja iz maslina ubranih na vi\u0161e razli\u010ditih lokacija!\n\nEkolo\u0161ka proizvodnja koja se o\u010dituje u odustajanju od kori\u0161tenja herbicida, pesticida i umjetnog gnojiva daje zdrave plodove sa \u010dvrstom stani\u010dnom strukturom. To dokazuju i brojna me\u0111unarodna priznanja za \u0160oltansko maslinovo ulje nastalo mje\u0161anjem vi\u0161e razli\u010ditih bio-ulja \u010dlanova na\u0161e Udruge. Opredjeljenje za kvalitetu na u\u0161trb kvantitete, kontrolirana proizvodnja, pakovanje, prodaja i promid\u017eba sa jedne strane, a raznolikost mirisnih i okusnih komponenata u \u0160oltanskom maslinovom ulju sa druge strane \u2013 uz nenadma\u0161ive arome sorte \u0160oltanke, zaslu\u017eni su za razigranost i vrhunsku kvalitetu ovog savr\u0161enog proizvoda. Podru\u010dje proizvodnje \u201c\u0160oltanskog maslinovog ulja\u201d isklju\u010divo je i garantirano samo mali, kameniti otok \u0160olta u srednjoj Dalmaciji ispred drevnog grada Splita.<\/p><\/div><\/div><\/div><\/div><\/div><\/div><\/div><\/div><\/section>\t\t\t\t\t\t\t\t<\/div>\n\t\t\t\t<\/div>\n\t\t\t\t<div class=\"elementor-element elementor-element-6ae6aed elementor-widget elementor-widget-video\" data-id=\"6ae6aed\" data-element_type=\"widget\" data-settings=\"{&quot;video_type&quot;:&quot;hosted&quot;,&quot;show_image_overlay&quot;:&quot;yes&quot;,&quot;image_overlay&quot;:{&quot;url&quot;:&quot;https:\\\/\\\/demo.solta-oliveoil.com\\\/wp-content\\\/uploads\\\/2025\\\/04\\\/Screenshot-143.png&quot;,&quot;id&quot;:391,&quot;size&quot;:&quot;&quot;,&quot;alt&quot;:&quot;&quot;,&quot;source&quot;:&quot;library&quot;},&quot;controls&quot;:&quot;yes&quot;}\" data-widget_type=\"video.default\">\n\t\t\t\t<div class=\"elementor-widget-container\">\n\t\t\t\t\t\t\t<div class=\"e-hosted-video elementor-wrapper elementor-open-inline\">\n\t\t\t\t\t<video class=\"elementor-video\" src=\"https:\/\/demo.solta-oliveoil.com\/wp-content\/uploads\/2025\/04\/Copy-of-Copy-of-Copy-of-Untitled.mp4\" controls=\"\" preload=\"metadata\" controlslist=\"nodownload\"><\/video>\n\t\t\t\t\t\t<div class=\"elementor-custom-embed-image-overlay\" style=\"background-image: url(https:\/\/demo.solta-oliveoil.com\/wp-content\/uploads\/2025\/04\/Screenshot-143.png);\">\n\t\t\t\t\t\t\t\t\t\t\t\t\t\t\t\t<div class=\"elementor-custom-embed-play\" role=\"button\" aria-label=\"Pokreni video\" tabindex=\"0\">\n\t\t\t\t\t\t\t<svg aria-hidden=\"true\" class=\"e-font-icon-svg e-eicon-play\" viewbox=\"0 0 1000 1000\" xmlns=\"http:\/\/www.w3.org\/2000\/svg\"><path d=\"M838 162C746 71 633 25 500 25 371 25 258 71 163 162 71 254 25 367 25 500 25 633 71 746 163 837 254 929 367 979 500 979 633 979 746 933 838 837 929 746 975 633 975 500 975 367 929 254 838 162M808 192C892 279 933 379 933 500 933 621 892 725 808 808 725 892 621 938 500 938 379 938 279 896 196 808 113 725 67 621 67 500 67 379 108 279 196 192 279 108 383 62 500 62 621 62 721 108 808 192M438 392V642L642 517 438 392Z\"><\/path><\/svg>\t\t\t\t\t\t<\/div>\n\t\t\t\t\t\t\t\t\t<\/div>\n\t\t\t\t\t<\/div>\n\t\t\t\t\t\t<\/div>\n\t\t\t\t<\/div>\n\t\t\t\t<div class=\"elementor-element elementor-element-b7a9362 animated-slow elementor-invisible elementor-widget elementor-widget-text-editor\" data-id=\"b7a9362\" data-element_type=\"widget\" data-settings=\"{&quot;_animation&quot;:&quot;fadeIn&quot;,&quot;_animation_delay&quot;:500}\" data-widget_type=\"text-editor.default\">\n\t\t\t\t<div class=\"elementor-widget-container\">\n\t\t\t\t\t\t\t\t\t<section class=\"elementor-section elementor-top-section elementor-element elementor-element-3d5769fc elementor-section-content-middle elementor-section-boxed elementor-section-height-default elementor-section-height-default\" data-id=\"3d5769fc\" data-element_type=\"section\"><div class=\"elementor-container elementor-column-gap-no\"><div class=\"elementor-row\"><div class=\"elementor-column elementor-col-100 elementor-top-column elementor-element elementor-element-ce7ed8e\" data-id=\"ce7ed8e\" data-element_type=\"column\"><div class=\"elementor-column-wrap elementor-element-populated\"><div class=\"elementor-widget-wrap\"><div class=\"elementor-element elementor-element-1dab656 elementor-widget elementor-widget-text-editor\" data-id=\"1dab656\" data-element_type=\"widget\" data-widget_type=\"text-editor.default\"><div class=\"elementor-widget-container\"><div class=\"elementor-text-editor elementor-clearfix\"><p>Nije sigurno ni danas dali su Grci ili Rimljani donijeli maslinovo stablo na \u0160oltu ili su ga tu na\u0161li, kultivirali i raznosili po Sredozemlju. Mi smo uvjereni da je maslina oduvjek bila na \u0160olti!\u00a0<\/p><p><strong>GARANCIJA KVALITETE<\/strong><\/p><p>Garancija izvrsnosti \u0160oltansko maslinovo ulje nema nikakovih aditiva, za\u010dina ili ulja iz drugih plodova, ono je \u010disti sok iz ploda masline. Njegovu proizvodnju kontrolira akreditirana kontrolna stanica Biotechnicon iz Splita ve\u0107 u masliniku, nadzire proizvodnju u uljari, spremanje u spremnike u skladi\u0161tu i na koncu punjenje u boce i ozna\u010davanje.<\/p><p>\u0160oltansko maslinovo ulje za\u0161ti\u0107eno je oznakom izvornosti na razini Europske Unije (Protected designation of Origin PDO). Kontrolne slu\u017ebe EU Komisije, uz hrvatske inspekcije, nadziru, proizvodnju, skladi\u0161tenje i koli\u010dine proizvedenog maslinovog ulja, a dodatno nadziru i ekolo\u0161ku proizvodnju. Predsjedni\u0161tvo i tijela Udruge ula\u017eu velike napore da svaki od proizvo\u0111a\u010da da sve od sebe, kako bi na\u0161 zajedni\u010dki proizvod uvjek bio najbolje kvalitete.<\/p><p>Posebno priznanje i dokaz kvalitete su presti\u017ene regionalne i internacionalne nagrade koje ve\u0107 dugi niz godina dobiva \u0160oltansko maslinovo ulje: Od 2012. do 2017. godine \u010dlanovi Udruge Zlatna \u0160oltanka svake godine dobivaju ili zlatnu ili srebrenu medalju 2017. god. zlatna medalja  New Yorku na NYIOOC \u2013 najve\u0107em takmi\u0107enju maslinovih ulja svijeta 2018. god. titula \u0160AMPIONA na najve\u0107em regionalnom takmi\u010denju maslinovih ulja \u201eNO\u0106NJAK\u201c 2019. kruna svih dosada\u0161njih priznanja je titula \u201eBEST IN CLASS\u201c u New Yorku na NYIOOC za najbolje ekolo\u0161ko, monosortno (od samo jedne sorte maslina \u2013 \u0160oltanke), maslinovo ulje srednjeg intenziteta na svijetu.<\/p><\/div><\/div><\/div><\/div><\/div><\/div><\/div><\/div><\/section>\t\t\t\t\t\t\t\t<\/div>\n\t\t\t\t<\/div>\n\t\t\t\t\t<\/div>\n\t\t<\/div>\n\t\t\t\t\t<\/div>\n\t\t<\/section>\n\t\t\t\t<section class=\"elementor-section elementor-top-section elementor-element elementor-element-4bb4a95e elementor-section-boxed elementor-section-height-default elementor-section-height-default\" data-id=\"4bb4a95e\" data-element_type=\"section\" data-settings=\"{&quot;background_background&quot;:&quot;classic&quot;}\">\n\t\t\t\t\t\t\t<div class=\"elementor-background-overlay\"><\/div>\n\t\t\t\t\t\t\t<div class=\"elementor-container elementor-column-gap-default\">\n\t\t\t\t\t<div class=\"elementor-column elementor-col-50 elementor-top-column elementor-element elementor-element-1ad5e603\" data-id=\"1ad5e603\" data-element_type=\"column\" data-settings=\"{&quot;background_background&quot;:&quot;classic&quot;}\">\n\t\t\t<div class=\"elementor-widget-wrap elementor-element-populated\">\n\t\t\t\t\t\t<div class=\"elementor-element elementor-element-54cc394b elementor-widget elementor-widget-heading\" data-id=\"54cc394b\" data-element_type=\"widget\" data-widget_type=\"heading.default\">\n\t\t\t\t<div class=\"elementor-widget-container\">\n\t\t\t\t\t<h1 class=\"elementor-heading-title elementor-size-default\">MASLINOVO ULJE \u2013 od davnina prepoznato kao LIJEK\n\n\n\n\n\n<\/h1>\t\t\t\t<\/div>\n\t\t\t\t<\/div>\n\t\t\t\t<div class=\"elementor-element elementor-element-5bd0f2b0 elementor-widget elementor-widget-text-editor\" data-id=\"5bd0f2b0\" data-element_type=\"widget\" data-widget_type=\"text-editor.default\">\n\t\t\t\t<div class=\"elementor-widget-container\">\n\t\t\t\t\t\t\t\t\t<p class=\"\" data-start=\"128\" data-end=\"422\">Godinama je poznat blagotvoran u\u010dinak mediteranske prehrane na zdravlje. Maslinovo ulje je neizostavan dio u pripremanju najve\u0107eg dijela namirnica u mediteranskoj kuhinji. Naj\u010de\u0161\u0107e se upotrebljava kao dodatak jelima i kao takvo s jedne strane oboga\u0107uje okus jela, a s druge olak\u0161ava probavljivost namirnica. Nutricionisti se sla\u017eu u jednome: maslinovo ulje je kralj me\u0111u uljima. Pri tome se, naravno, misli na ekstra djevi\u010dansko maslinovo ulje koje se dobiva jednostavnim pre\u0161anjem i filtriranjem zdravih maslina, pri \u010demu sadr\u017eaj blagotvornih sastojaka ostaje maksimalno o\u010duvan. Ljekovita svojstva maslinova ulja dobro su dokumentirana u znanstvenoj literaturi. Unos ove drevne namirnice pru\u017ea za\u0161titu od kroni\u010dnih degenerativnih bolesti i povezuje se sa smanjenim rizikom od bolesti srca, prevencijom karcinoma te sna\u017eenjem imunolo\u0161kog sustava. Tako\u0111er, pripisuju mu se i protuupalna svojstva i za\u0161titni u\u010dinak na \u017eelu\u010danu sluznicu, a sadr\u017ei nezasi\u0107ene masne kiseline, nu\u017ene za mo\u017edane aktivnosti, za odr\u017eavanje procesa mi\u0161ljenja i osje\u0107anja i nesmetan prijenos informacija u mozgu. \n\nMaslinovo ulje bogato je vitaminima, i to vitaminima topljivim u mastima, A, D, E i K. Vitamin A najzna\u010dajniji je za fiziologiju vida, \u0161titi ko\u017eu i sluznicu od razli\u010ditih infekcija i zaraznih bolesti. Povoljno utje\u010de i na rad srca i krvo\u017eilnog sustava. Maslinovo ulje sadr\u017ei istu tvar kao i lijek ibuprofen \u2013 oleokantal. Ova tvar koja je povezana s gor\u010dinom djeluje protuupalno, zato dobro maslinovo ulje treba biti i gorko jer mu to jam\u010di ljekovitost i za\u0161titno djelovanje na organizam.<\/p>\t\t\t\t\t\t\t\t<\/div>\n\t\t\t\t<\/div>\n\t\t\t\t\t<\/div>\n\t\t<\/div>\n\t\t\t\t<div class=\"elementor-column elementor-col-50 elementor-top-column elementor-element elementor-element-1fea54c2\" data-id=\"1fea54c2\" data-element_type=\"column\" data-settings=\"{&quot;background_background&quot;:&quot;classic&quot;}\">\n\t\t\t<div class=\"elementor-widget-wrap elementor-element-populated\">\n\t\t\t\t\t\t<div class=\"elementor-element elementor-element-719d7ad1 elementor-widget elementor-widget-image\" data-id=\"719d7ad1\" data-element_type=\"widget\" data-widget_type=\"image.default\">\n\t\t\t\t<div class=\"elementor-widget-container\">\n\t\t\t\t\t\t\t\t\t\t\t\t\t\t\t<img fetchpriority=\"high\" decoding=\"async\" width=\"768\" height=\"1024\" src=\"https:\/\/demo.solta-oliveoil.com\/wp-content\/uploads\/2025\/06\/Untitled-design-2021-01-18T203107.940-768x1024.png\" class=\"attachment-large size-large wp-image-503\" alt=\"\" srcset=\"https:\/\/demo.solta-oliveoil.com\/wp-content\/uploads\/2025\/06\/Untitled-design-2021-01-18T203107.940-768x1024.png 768w, https:\/\/demo.solta-oliveoil.com\/wp-content\/uploads\/2025\/06\/Untitled-design-2021-01-18T203107.940-225x300.png 225w, https:\/\/demo.solta-oliveoil.com\/wp-content\/uploads\/2025\/06\/Untitled-design-2021-01-18T203107.940-600x800.png 600w, https:\/\/demo.solta-oliveoil.com\/wp-content\/uploads\/2025\/06\/Untitled-design-2021-01-18T203107.940.png 810w\" sizes=\"(max-width: 768px) 100vw, 768px\" \/>\t\t\t\t\t\t\t\t\t\t\t\t\t\t\t<\/div>\n\t\t\t\t<\/div>\n\t\t\t\t\t<\/div>\n\t\t<\/div>\n\t\t\t\t\t<\/div>\n\t\t<\/section>\n\t\t<div class=\"elementor-element elementor-element-1bcda73f e-flex e-con-boxed e-con e-parent\" data-id=\"1bcda73f\" data-element_type=\"container\">\n\t\t\t\t\t<div class=\"e-con-inner\">\n\t\t\t\t<div class=\"elementor-element elementor-element-4fa0e941 elementor-absolute e-transform elementor-widget elementor-widget-image\" data-id=\"4fa0e941\" data-element_type=\"widget\" data-settings=\"{&quot;_position&quot;:&quot;absolute&quot;,&quot;_transform_rotateZ_effect&quot;:{&quot;unit&quot;:&quot;px&quot;,&quot;size&quot;:237,&quot;sizes&quot;:[]},&quot;_transform_rotateZ_effect_tablet&quot;:{&quot;unit&quot;:&quot;deg&quot;,&quot;size&quot;:&quot;&quot;,&quot;sizes&quot;:[]},&quot;_transform_rotateZ_effect_mobile&quot;:{&quot;unit&quot;:&quot;deg&quot;,&quot;size&quot;:&quot;&quot;,&quot;sizes&quot;:[]}}\" data-widget_type=\"image.default\">\n\t\t\t\t<div class=\"elementor-widget-container\">\n\t\t\t\t\t\t\t\t\t\t\t\t\t\t\t<img decoding=\"async\" width=\"311\" height=\"286\" src=\"https:\/\/demo.solta-oliveoil.com\/wp-content\/uploads\/2025\/04\/Nov-projekt-1.png\" class=\"attachment-large size-large wp-image-294\" alt=\"\" srcset=\"https:\/\/demo.solta-oliveoil.com\/wp-content\/uploads\/2025\/04\/Nov-projekt-1.png 311w, https:\/\/demo.solta-oliveoil.com\/wp-content\/uploads\/2025\/04\/Nov-projekt-1-300x276.png 300w\" sizes=\"(max-width: 311px) 100vw, 311px\" \/>\t\t\t\t\t\t\t\t\t\t\t\t\t\t\t<\/div>\n\t\t\t\t<\/div>\n\t\t\t\t<div class=\"elementor-element elementor-element-bcef24e elementor-absolute e-transform elementor-widget-mobile__width-initial elementor-widget elementor-widget-image\" data-id=\"bcef24e\" data-element_type=\"widget\" data-settings=\"{&quot;_position&quot;:&quot;absolute&quot;,&quot;_transform_rotateZ_effect&quot;:{&quot;unit&quot;:&quot;px&quot;,&quot;size&quot;:-50,&quot;sizes&quot;:[]},&quot;_transform_rotateZ_effect_tablet&quot;:{&quot;unit&quot;:&quot;deg&quot;,&quot;size&quot;:&quot;&quot;,&quot;sizes&quot;:[]},&quot;_transform_rotateZ_effect_mobile&quot;:{&quot;unit&quot;:&quot;deg&quot;,&quot;size&quot;:&quot;&quot;,&quot;sizes&quot;:[]}}\" data-widget_type=\"image.default\">\n\t\t\t\t<div class=\"elementor-widget-container\">\n\t\t\t\t\t\t\t\t\t\t\t\t\t\t\t<img decoding=\"async\" width=\"311\" height=\"286\" src=\"https:\/\/demo.solta-oliveoil.com\/wp-content\/uploads\/2025\/04\/Nov-projekt-1.png\" class=\"attachment-large size-large wp-image-294\" alt=\"\" srcset=\"https:\/\/demo.solta-oliveoil.com\/wp-content\/uploads\/2025\/04\/Nov-projekt-1.png 311w, https:\/\/demo.solta-oliveoil.com\/wp-content\/uploads\/2025\/04\/Nov-projekt-1-300x276.png 300w\" sizes=\"(max-width: 311px) 100vw, 311px\" \/>\t\t\t\t\t\t\t\t\t\t\t\t\t\t\t<\/div>\n\t\t\t\t<\/div>\n\t\t\t\t<div class=\"elementor-element elementor-element-1ccaffef elementor-widget elementor-widget-heading\" data-id=\"1ccaffef\" data-element_type=\"widget\" data-widget_type=\"heading.default\">\n\t\t\t\t<div class=\"elementor-widget-container\">\n\t\t\t\t\t<h1 class=\"elementor-heading-title elementor-size-default\">\u017delite isprobati jedno od najboljih maslinovih ulja na svijetu?<\/h1>\t\t\t\t<\/div>\n\t\t\t\t<\/div>\n\t\t\t\t<div class=\"elementor-element elementor-element-67b1d376 elementor-widget elementor-widget-heading\" data-id=\"67b1d376\" data-element_type=\"widget\" data-widget_type=\"heading.default\">\n\t\t\t\t<div class=\"elementor-widget-container\">\n\t\t\t\t\t<h1 class=\"elementor-heading-title elementor-size-default\">Posjetite na\u0161 webshop i naru\u010dite jedno od na\u0161ih vrhunskih maslinovih ulja na ku\u0107nu adresu.<\/h1>\t\t\t\t<\/div>\n\t\t\t\t<\/div>\n\t\t\t\t<div class=\"elementor-element elementor-element-34074a94 elementor-align-center elementor-widget elementor-widget-button\" data-id=\"34074a94\" data-element_type=\"widget\" data-widget_type=\"button.default\">\n\t\t\t\t<div class=\"elementor-widget-container\">\n\t\t\t\t\t\t\t\t\t<div class=\"elementor-button-wrapper\">\n\t\t\t\t\t<a class=\"elementor-button elementor-button-link elementor-size-sm\" href=\"\/hr\/shop\/\">\n\t\t\t\t\t\t<span class=\"elementor-button-content-wrapper\">\n\t\t\t\t\t\t\t\t\t<span class=\"elementor-button-text\">WEBSHOP<\/span>\n\t\t\t\t\t<\/span>\n\t\t\t\t\t<\/a>\n\t\t\t\t<\/div>\n\t\t\t\t\t\t\t\t<\/div>\n\t\t\t\t<\/div>\n\t\t\t\t<div class=\"elementor-element elementor-element-748f7b25 elementor-widget elementor-widget-image\" data-id=\"748f7b25\" data-element_type=\"widget\" data-widget_type=\"image.default\">\n\t\t\t\t<div class=\"elementor-widget-container\">\n\t\t\t\t\t\t\t\t\t\t\t\t\t\t\t<img decoding=\"async\" width=\"2048\" height=\"2048\" src=\"https:\/\/demo.solta-oliveoil.com\/wp-content\/uploads\/2025\/06\/Untitled-design-2021-01-16T222544.262-2048x2048-min.png\" class=\"attachment-full size-full wp-image-429\" alt=\"\" srcset=\"https:\/\/demo.solta-oliveoil.com\/wp-content\/uploads\/2025\/06\/Untitled-design-2021-01-16T222544.262-2048x2048-min.png 2048w, https:\/\/demo.solta-oliveoil.com\/wp-content\/uploads\/2025\/06\/Untitled-design-2021-01-16T222544.262-2048x2048-min-300x300.png 300w, https:\/\/demo.solta-oliveoil.com\/wp-content\/uploads\/2025\/06\/Untitled-design-2021-01-16T222544.262-2048x2048-min-1024x1024.png 1024w, https:\/\/demo.solta-oliveoil.com\/wp-content\/uploads\/2025\/06\/Untitled-design-2021-01-16T222544.262-2048x2048-min-150x150.png 150w, https:\/\/demo.solta-oliveoil.com\/wp-content\/uploads\/2025\/06\/Untitled-design-2021-01-16T222544.262-2048x2048-min-768x768.png 768w, https:\/\/demo.solta-oliveoil.com\/wp-content\/uploads\/2025\/06\/Untitled-design-2021-01-16T222544.262-2048x2048-min-1536x1536.png 1536w, https:\/\/demo.solta-oliveoil.com\/wp-content\/uploads\/2025\/06\/Untitled-design-2021-01-16T222544.262-2048x2048-min-600x600.png 600w, https:\/\/demo.solta-oliveoil.com\/wp-content\/uploads\/2025\/06\/Untitled-design-2021-01-16T222544.262-2048x2048-min-100x100.png 100w\" sizes=\"(max-width: 2048px) 100vw, 2048px\" \/>\t\t\t\t\t\t\t\t\t\t\t\t\t\t\t<\/div>\n\t\t\t\t<\/div>\n\t\t\t\t\t<\/div>\n\t\t\t\t<\/div>\n\t\t\t\t<\/div>","protected":false},"excerpt":{"rendered":"<p>How is \u0160oltan olive oil produced? Growing olives requires a Year-round dedication and work. Perfectly environmentally friendly and beneficial to human health olive oil can be obtained only by careful observation and prevention of all adversity and dangers that occur in the olive grove from the movement of vegetation to fruit ripening. Favorable climatic conditions [&hellip;]<\/p>","protected":false},"author":1,"featured_media":0,"parent":0,"menu_order":0,"comment_status":"closed","ping_status":"closed","template":"elementor_header_footer","meta":{"footnotes":""},"class_list":["post-558","page","type-page","status-publish","hentry"],"_links":{"self":[{"href":"https:\/\/demo.solta-oliveoil.com\/hr\/wp-json\/wp\/v2\/pages\/558","targetHints":{"allow":["GET"]}}],"collection":[{"href":"https:\/\/demo.solta-oliveoil.com\/hr\/wp-json\/wp\/v2\/pages"}],"about":[{"href":"https:\/\/demo.solta-oliveoil.com\/hr\/wp-json\/wp\/v2\/types\/page"}],"author":[{"embeddable":true,"href":"https:\/\/demo.solta-oliveoil.com\/hr\/wp-json\/wp\/v2\/users\/1"}],"replies":[{"embeddable":true,"href":"https:\/\/demo.solta-oliveoil.com\/hr\/wp-json\/wp\/v2\/comments?post=558"}],"version-history":[{"count":40,"href":"https:\/\/demo.solta-oliveoil.com\/hr\/wp-json\/wp\/v2\/pages\/558\/revisions"}],"predecessor-version":[{"id":1213,"href":"https:\/\/demo.solta-oliveoil.com\/hr\/wp-json\/wp\/v2\/pages\/558\/revisions\/1213"}],"wp:attachment":[{"href":"https:\/\/demo.solta-oliveoil.com\/hr\/wp-json\/wp\/v2\/media?parent=558"}],"curies":[{"name":"wp","href":"https:\/\/api.w.org\/{rel}","templated":true}]}}